{"id":2987,"date":"2026-02-04T12:10:46","date_gmt":"2026-02-04T12:10:46","guid":{"rendered":"https:\/\/www.kovinarstvo-rozic.si\/honanje\/"},"modified":"2026-02-04T12:38:18","modified_gmt":"2026-02-04T12:38:18","slug":"honing","status":"publish","type":"page","link":"https:\/\/www.kovinarstvo-rozic.si\/en\/honing\/","title":{"rendered":"Honing"},"content":{"rendered":"<p><div class=\"fusion-fullwidth fullwidth-box fusion-builder-row-1 fusion-parallax-none nonhundred-percent-fullwidth non-hundred-percent-height-scrolling\" style=\"--awb-border-radius-top-left:0px;--awb-border-radius-top-right:0px;--awb-border-radius-bottom-right:0px;--awb-border-radius-bottom-left:0px;--awb-padding-top:45px;--awb-background-color:#eeeeee;--awb-background-image:url(&quot;https:\/\/www.kovinarstvo-rozic.si\/wp-content\/uploads\/2018\/07\/varjenje2.jpg&quot;);--awb-background-size:cover;--awb-flex-wrap:wrap;\" ><div class=\"fusion-builder-row fusion-row\"><div class=\"fusion-layout-column fusion_builder_column fusion-builder-column-0 fusion_builder_column_1_6 1_6 fusion-one-sixth fusion-column-first fusion-no-small-visibility\" style=\"--awb-bg-size:cover;width:16.666666666667%;width:calc(16.666666666667% - ( ( 4% + 4% ) * 0.16666666666667 ) );margin-right: 4%;\"><div class=\"fusion-column-wrapper fusion-flex-column-wrapper-legacy\"><div class=\"fusion-clearfix\"><\/div><\/div><\/div><div class=\"fusion-layout-column fusion_builder_column fusion-builder-column-1 fusion_builder_column_2_3 2_3 fusion-two-third fusion-animated\" style=\"--awb-bg-size:cover;--awb-margin-top:85px;--awb-margin-bottom:60px;width:66.666666666667%;width:calc(66.666666666667% - ( ( 4% + 4% ) * 0.66666666666667 ) );margin-right: 4%;\" data-animationType=\"zoomIn\" data-animationDuration=\"0.9\" data-animationOffset=\"top-into-view\"><div class=\"fusion-column-wrapper fusion-flex-column-wrapper-legacy\"><div class=\"fusion-title title fusion-title-1 fusion-sep-none fusion-title-center fusion-title-text fusion-title-size-one\" style=\"--awb-margin-top-small:0px;--awb-margin-right-small:0px;--awb-margin-bottom-small:20px;--awb-margin-left-small:0px;\"><h1 class=\"fusion-title-heading title-heading-center fusion-responsive-typography-calculated\" style=\"margin:0;--fontSize:68;line-height:1.05;\"><h2><span style=\"color: #333645;\">HONING<br \/>\n<\/span><\/h2><\/h1><\/div><div class=\"fusion-clearfix\"><\/div><\/div><\/div><div class=\"fusion-layout-column fusion_builder_column fusion-builder-column-2 fusion_builder_column_1_6 1_6 fusion-one-sixth fusion-column-last fusion-no-small-visibility\" style=\"--awb-bg-size:cover;width:16.666666666667%;width:calc(16.666666666667% - ( ( 4% + 4% ) * 0.16666666666667 ) );\"><div class=\"fusion-column-wrapper fusion-flex-column-wrapper-legacy\"><div class=\"fusion-clearfix\"><\/div><\/div><\/div><div class=\"fusion-layout-column fusion_builder_column fusion-builder-column-3 fusion_builder_column_1_1 1_1 fusion-one-full fusion-column-first fusion-column-last\" style=\"--awb-bg-size:cover;--awb-margin-top:0px;--awb-margin-bottom:0px;\"><div class=\"fusion-column-wrapper fusion-flex-column-wrapper-legacy\"><div class=\"fusion-column-content-centered\"><div class=\"fusion-column-content\"><div class=\"fusion-text fusion-text-1\" style=\"--awb-text-color:#666666;\"><p style=\"text-align: center;\">At <strong data-start=\"250\" data-end=\"278\">Kovinarstvo Ro\u017ei\u010d d.o.o.<\/strong>, we continuously invest in technological development and the expansion of our services.<br data-start=\"366\" data-end=\"369\" \/>We are pleased to announce the upcoming arrival of a new honing machine <strong data-start=\"441\" data-end=\"461\">Sunnen HTC 4300W<\/strong>, which will further enhance our machining capabilities.<\/p>\n<\/div><div class=\"fusion-image-element fusion-image-align-center in-legacy-container\" style=\"text-align:center;--awb-caption-title-font-family:var(--h2_typography-font-family);--awb-caption-title-font-weight:var(--h2_typography-font-weight);--awb-caption-title-font-style:var(--h2_typography-font-style);--awb-caption-title-size:var(--h2_typography-font-size);--awb-caption-title-transform:var(--h2_typography-text-transform);--awb-caption-title-line-height:var(--h2_typography-line-height);--awb-caption-title-letter-spacing:var(--h2_typography-letter-spacing);\"><div class=\"imageframe-align-center\"><span class=\" fusion-imageframe imageframe-none imageframe-1 hover-type-none fusion-animated\" data-animationType=\"flipinx\" data-animationDuration=\"1.5\" data-animationDelay=\"0.2\" data-animationOffset=\"top-into-view\"><img decoding=\"async\" width=\"235\" height=\"100\" title=\"sunnen_logo_tagline\" src=\"https:\/\/www.kovinarstvo-rozic.si\/wp-content\/uploads\/2026\/02\/sunnen_logo_tagline.avif\" alt class=\"img-responsive wp-image-2933\" srcset=\"https:\/\/www.kovinarstvo-rozic.si\/wp-content\/uploads\/2026\/02\/sunnen_logo_tagline-200x85.avif 200w, https:\/\/www.kovinarstvo-rozic.si\/wp-content\/uploads\/2026\/02\/sunnen_logo_tagline.avif 235w\" sizes=\"(max-width: 1000px) 100vw, 235px\" \/><\/span><\/div><\/div><\/div><\/div><div class=\"fusion-clearfix\"><\/div><\/div><\/div><\/div><\/div><div class=\"fusion-fullwidth fullwidth-box fusion-builder-row-2 nonhundred-percent-fullwidth non-hundred-percent-height-scrolling\" style=\"--awb-border-radius-top-left:0px;--awb-border-radius-top-right:0px;--awb-border-radius-bottom-right:0px;--awb-border-radius-bottom-left:0px;--awb-padding-top:5px;--awb-padding-bottom:70px;--awb-background-color:#292b37;--awb-flex-wrap:wrap;\" ><div class=\"fusion-builder-row fusion-row\"><div class=\"fusion-layout-column fusion_builder_column fusion-builder-column-4 fusion_builder_column_1_1 1_1 fusion-one-full fusion-column-first fusion-column-last\" style=\"--awb-bg-size:cover;--awb-margin-top:10px;--awb-margin-bottom:45px;\"><div class=\"fusion-column-wrapper fusion-flex-column-wrapper-legacy\"><div class=\"fusion-text fusion-text-2 fusion-animated\" data-animationType=\"slideInRight\" data-animationDuration=\"3.0\" data-animationOffset=\"top-into-view\"><h2 style=\"text-align: center;\"><span style=\"color: #ffffff;\">\u00a0What is honing?<\/span><\/h2>\n<p data-start=\"548\" data-end=\"610\"><span style=\"color: #ffffff;\">Honing is a fine mechanical machining process used to achieve:<\/span><\/p>\n<ul>\n<li data-start=\"614\" data-end=\"642\"><span style=\"color: #ffffff;\">high dimensional accuracy,<\/span><\/li>\n<li data-start=\"645\" data-end=\"673\"><span style=\"color: #ffffff;\">optimal surface roughness,<\/span><\/li>\n<li data-start=\"676\" data-end=\"707\"><span style=\"color: #ffffff;\">improved sealing performance,<\/span><\/li>\n<li data-start=\"710\" data-end=\"755\"><span style=\"color: #ffffff;\">extended service life of machined components.<\/span><\/li>\n<\/ul>\n<p data-start=\"757\" data-end=\"907\"><span style=\"color: #ffffff;\">The process is especially important for <strong data-start=\"797\" data-end=\"820\">hydraulic cylinders<\/strong>, where the correct surface structure ensures reliable operation and reduces seal wear.<\/span><\/p>\n<\/div><div class=\"fusion-image-element fusion-image-align-center in-legacy-container\" style=\"text-align:center;--awb-caption-title-font-family:var(--h2_typography-font-family);--awb-caption-title-font-weight:var(--h2_typography-font-weight);--awb-caption-title-font-style:var(--h2_typography-font-style);--awb-caption-title-size:var(--h2_typography-font-size);--awb-caption-title-transform:var(--h2_typography-text-transform);--awb-caption-title-line-height:var(--h2_typography-line-height);--awb-caption-title-letter-spacing:var(--h2_typography-letter-spacing);\"><div class=\"imageframe-align-center\"><span class=\" fusion-imageframe imageframe-none imageframe-2 hover-type-zoomin\"><img decoding=\"async\" width=\"1536\" height=\"1024\" title=\"honanje stroj brez ozadja\" src=\"https:\/\/www.kovinarstvo-rozic.si\/wp-content\/uploads\/2026\/02\/honanje-stroj-brez-ozadja-e1770207112245.png\" alt class=\"img-responsive wp-image-2975\"\/><\/span><\/div><\/div><div class=\"fusion-text fusion-text-3 fusion-animated\" data-animationType=\"slideInRight\" data-animationDuration=\"3.0\" data-animationOffset=\"top-into-view\"><h3 style=\"text-align: center;\" data-start=\"914\" data-end=\"955\"><span style=\"color: #ffffff;\"><strong data-start=\"918\" data-end=\"955\">Sunnen HTC 4300W \u2013 Honing Machine<\/strong><\/span><\/h3>\n<p style=\"text-align: center;\" data-start=\"958\" data-end=\"992\"><span style=\"color: #ffffff;\">honing lengths up to <strong data-start=\"979\" data-end=\"990\">4000 mm<\/strong><\/span><\/p>\n<p style=\"text-align: center;\" data-start=\"958\" data-end=\"992\"><span style=\"color: #ffffff;\">diameters from <strong data-start=\"1010\" data-end=\"1028\">\u00d850 to \u00d8450 mm<\/strong><\/span><\/p>\n<p style=\"text-align: center;\" data-start=\"958\" data-end=\"992\"><span style=\"color: #ffffff;\">suitable for high-precision machining of cylindrical surfaces<\/span><\/p>\n<\/div><div class=\"fusion-clearfix\"><\/div><\/div><\/div><div class=\"fusion-layout-column fusion_builder_column fusion-builder-column-5 fusion_builder_column_1_1 1_1 fusion-one-full fusion-column-first fusion-column-last\" style=\"--awb-bg-size:cover;\"><div class=\"fusion-column-wrapper fusion-column-has-shadow fusion-flex-column-wrapper-legacy\"><div class=\"fusion-clearfix\"><\/div><\/div><\/div><div class=\"fusion-layout-column fusion_builder_column fusion-builder-column-6 fusion_builder_column_1_1 1_1 fusion-one-full fusion-column-first fusion-column-last\" style=\"--awb-bg-size:cover;\"><div class=\"fusion-column-wrapper fusion-column-has-shadow fusion-flex-column-wrapper-legacy\"><div class=\"fusion-clearfix\"><\/div><\/div><\/div><\/div><\/div><div class=\"fusion-fullwidth fullwidth-box fusion-builder-row-3 hundred-percent-fullwidth non-hundred-percent-height-scrolling\" style=\"--awb-border-radius-top-left:0px;--awb-border-radius-top-right:0px;--awb-border-radius-bottom-right:0px;--awb-border-radius-bottom-left:0px;--awb-padding-top:0px;--awb-padding-right:0px;--awb-padding-bottom:0px;--awb-padding-left:0px;--awb-background-color:#e0e0e0;--awb-flex-wrap:wrap;\" ><\/div>\n<div class=\"fusion-fullwidth fullwidth-box fusion-builder-row-4 nonhundred-percent-fullwidth non-hundred-percent-height-scrolling fusion-equal-height-columns\" style=\"--awb-border-radius-top-left:0px;--awb-border-radius-top-right:0px;--awb-border-radius-bottom-right:0px;--awb-border-radius-bottom-left:0px;--awb-padding-top:20px;--awb-padding-bottom:25px;--awb-background-color:#f47418;--awb-flex-wrap:wrap;\" ><div class=\"fusion-builder-row fusion-row\"><div class=\"fusion-layout-column fusion_builder_column fusion-builder-column-7 fusion_builder_column_3_4 3_4 fusion-three-fourth fusion-column-first fusion-animated\" style=\"--awb-bg-size:cover;width:75%;width:calc(75% - ( ( 4% ) * 0.75 ) );margin-right: 4%;\" data-animationType=\"slideInLeft\" data-animationDuration=\"0.9\" data-animationOffset=\"top-into-view\"><div class=\"fusion-column-wrapper fusion-flex-column-wrapper-legacy\"><div class=\"fusion-column-content-centered\"><div class=\"fusion-column-content\"><div class=\"fusion-text fusion-text-4\"><h3 style=\"text-align: center;\">Tell us, if you need our assistance!<\/h3>\n<\/div><\/div><\/div><div class=\"fusion-clearfix\"><\/div><\/div><\/div><div class=\"fusion-layout-column fusion_builder_column fusion-builder-column-8 fusion_builder_column_1_4 1_4 fusion-one-fourth fusion-column-last fusion-animated\" style=\"--awb-bg-size:cover;width:25%;width:calc(25% - ( ( 4% ) * 0.25 ) );\" data-animationType=\"zoomIn\" data-animationDuration=\"1.0\" data-animationOffset=\"top-into-view\"><div class=\"fusion-column-wrapper fusion-flex-column-wrapper-legacy\"><div class=\"fusion-column-content-centered\"><div class=\"fusion-column-content\"><div class=\"fusion-button-wrapper fusion-align-block\"><a class=\"fusion-button button-flat button-xlarge button-custom fusion-button-default button-1 fusion-button-default-span fusion-button-default-type\" style=\"--button_accent_color:#ffffff;--button_accent_hover_color:#333645;--button_border_hover_color:#333645;--button_gradient_top_color:#333645;--button_gradient_bottom_color:#333645;--button_gradient_top_color_hover:#ffffff;--button_gradient_bottom_color_hover:#ffffff;\" target=\"_self\" href=\"\/en\/contact\/\"><span class=\"fusion-button-text awb-button__text awb-button__text--default\">SEND AN INQUIRY<\/span><\/a><\/div><\/div><\/div><div class=\"fusion-clearfix\"><\/div><\/div><\/div><\/div><\/div>\n<\/p>\n","protected":false},"excerpt":{"rendered":"","protected":false},"author":3,"featured_media":0,"parent":0,"menu_order":0,"comment_status":"closed","ping_status":"closed","template":"100-width.php","meta":{"_monsterinsights_skip_tracking":false,"_monsterinsights_sitenote_active":false,"_monsterinsights_sitenote_note":"","_monsterinsights_sitenote_category":0,"footnotes":""},"class_list":["post-2987","page","type-page","status-publish","hentry"],"yoast_head":"<!-- This site is optimized with the Yoast SEO plugin v27.4 - https:\/\/yoast.com\/product\/yoast-seo-wordpress\/ -->\n<title>Honing - Kovinarstvo Ro\u017ei\u010d d.o.o.<\/title>\n<meta name=\"robots\" content=\"index, follow, max-snippet:-1, max-image-preview:large, max-video-preview:-1\" \/>\n<link rel=\"canonical\" href=\"https:\/\/www.kovinarstvo-rozic.si\/en\/honing\/\" \/>\n<meta property=\"og:locale\" content=\"en_US\" \/>\n<meta property=\"og:type\" content=\"article\" \/>\n<meta property=\"og:title\" content=\"Honing - Kovinarstvo Ro\u017ei\u010d d.o.o.\" \/>\n<meta property=\"og:url\" content=\"https:\/\/www.kovinarstvo-rozic.si\/en\/honing\/\" \/>\n<meta property=\"og:site_name\" content=\"Kovinarstvo Ro\u017ei\u010d d.o.o.\" \/>\n<meta property=\"article:modified_time\" content=\"2026-02-04T12:38:18+00:00\" \/>\n<meta name=\"twitter:card\" content=\"summary_large_image\" \/>\n<meta name=\"twitter:label1\" content=\"Est. reading time\" \/>\n\t<meta name=\"twitter:data1\" content=\"2 minutes\" \/>\n<script type=\"application\/ld+json\" class=\"yoast-schema-graph\">{\"@context\":\"https:\\\/\\\/schema.org\",\"@graph\":[{\"@type\":\"WebPage\",\"@id\":\"https:\\\/\\\/www.kovinarstvo-rozic.si\\\/en\\\/honing\\\/\",\"url\":\"https:\\\/\\\/www.kovinarstvo-rozic.si\\\/en\\\/honing\\\/\",\"name\":\"Honing - Kovinarstvo Ro\u017ei\u010d d.o.o.\",\"isPartOf\":{\"@id\":\"https:\\\/\\\/www.kovinarstvo-rozic.si\\\/#website\"},\"datePublished\":\"2026-02-04T12:10:46+00:00\",\"dateModified\":\"2026-02-04T12:38:18+00:00\",\"breadcrumb\":{\"@id\":\"https:\\\/\\\/www.kovinarstvo-rozic.si\\\/en\\\/honing\\\/#breadcrumb\"},\"inLanguage\":\"en-US\",\"potentialAction\":[{\"@type\":\"ReadAction\",\"target\":[\"https:\\\/\\\/www.kovinarstvo-rozic.si\\\/en\\\/honing\\\/\"]}]},{\"@type\":\"BreadcrumbList\",\"@id\":\"https:\\\/\\\/www.kovinarstvo-rozic.si\\\/en\\\/honing\\\/#breadcrumb\",\"itemListElement\":[{\"@type\":\"ListItem\",\"position\":1,\"name\":\"Home\",\"item\":\"https:\\\/\\\/www.kovinarstvo-rozic.si\\\/en\\\/\"},{\"@type\":\"ListItem\",\"position\":2,\"name\":\"Honing\"}]},{\"@type\":\"WebSite\",\"@id\":\"https:\\\/\\\/www.kovinarstvo-rozic.si\\\/#website\",\"url\":\"https:\\\/\\\/www.kovinarstvo-rozic.si\\\/\",\"name\":\"Kovinarstvo Ro\u017ei\u010d d.o.o.\",\"description\":\"Kovinarstvo Ro\u017ei\u010d\",\"potentialAction\":[{\"@type\":\"SearchAction\",\"target\":{\"@type\":\"EntryPoint\",\"urlTemplate\":\"https:\\\/\\\/www.kovinarstvo-rozic.si\\\/?s={search_term_string}\"},\"query-input\":{\"@type\":\"PropertyValueSpecification\",\"valueRequired\":true,\"valueName\":\"search_term_string\"}}],\"inLanguage\":\"en-US\"}]}<\/script>\n<!-- \/ Yoast SEO plugin. -->","yoast_head_json":{"title":"Honing - Kovinarstvo Ro\u017ei\u010d d.o.o.","robots":{"index":"index","follow":"follow","max-snippet":"max-snippet:-1","max-image-preview":"max-image-preview:large","max-video-preview":"max-video-preview:-1"},"canonical":"https:\/\/www.kovinarstvo-rozic.si\/en\/honing\/","og_locale":"en_US","og_type":"article","og_title":"Honing - Kovinarstvo Ro\u017ei\u010d d.o.o.","og_url":"https:\/\/www.kovinarstvo-rozic.si\/en\/honing\/","og_site_name":"Kovinarstvo Ro\u017ei\u010d d.o.o.","article_modified_time":"2026-02-04T12:38:18+00:00","twitter_card":"summary_large_image","twitter_misc":{"Est. reading time":"2 minutes"},"schema":{"@context":"https:\/\/schema.org","@graph":[{"@type":"WebPage","@id":"https:\/\/www.kovinarstvo-rozic.si\/en\/honing\/","url":"https:\/\/www.kovinarstvo-rozic.si\/en\/honing\/","name":"Honing - Kovinarstvo Ro\u017ei\u010d d.o.o.","isPartOf":{"@id":"https:\/\/www.kovinarstvo-rozic.si\/#website"},"datePublished":"2026-02-04T12:10:46+00:00","dateModified":"2026-02-04T12:38:18+00:00","breadcrumb":{"@id":"https:\/\/www.kovinarstvo-rozic.si\/en\/honing\/#breadcrumb"},"inLanguage":"en-US","potentialAction":[{"@type":"ReadAction","target":["https:\/\/www.kovinarstvo-rozic.si\/en\/honing\/"]}]},{"@type":"BreadcrumbList","@id":"https:\/\/www.kovinarstvo-rozic.si\/en\/honing\/#breadcrumb","itemListElement":[{"@type":"ListItem","position":1,"name":"Home","item":"https:\/\/www.kovinarstvo-rozic.si\/en\/"},{"@type":"ListItem","position":2,"name":"Honing"}]},{"@type":"WebSite","@id":"https:\/\/www.kovinarstvo-rozic.si\/#website","url":"https:\/\/www.kovinarstvo-rozic.si\/","name":"Kovinarstvo Ro\u017ei\u010d d.o.o.","description":"Kovinarstvo Ro\u017ei\u010d","potentialAction":[{"@type":"SearchAction","target":{"@type":"EntryPoint","urlTemplate":"https:\/\/www.kovinarstvo-rozic.si\/?s={search_term_string}"},"query-input":{"@type":"PropertyValueSpecification","valueRequired":true,"valueName":"search_term_string"}}],"inLanguage":"en-US"}]}},"_links":{"self":[{"href":"https:\/\/www.kovinarstvo-rozic.si\/en\/wp-json\/wp\/v2\/pages\/2987","targetHints":{"allow":["GET"]}}],"collection":[{"href":"https:\/\/www.kovinarstvo-rozic.si\/en\/wp-json\/wp\/v2\/pages"}],"about":[{"href":"https:\/\/www.kovinarstvo-rozic.si\/en\/wp-json\/wp\/v2\/types\/page"}],"author":[{"embeddable":true,"href":"https:\/\/www.kovinarstvo-rozic.si\/en\/wp-json\/wp\/v2\/users\/3"}],"replies":[{"embeddable":true,"href":"https:\/\/www.kovinarstvo-rozic.si\/en\/wp-json\/wp\/v2\/comments?post=2987"}],"version-history":[{"count":3,"href":"https:\/\/www.kovinarstvo-rozic.si\/en\/wp-json\/wp\/v2\/pages\/2987\/revisions"}],"predecessor-version":[{"id":2989,"href":"https:\/\/www.kovinarstvo-rozic.si\/en\/wp-json\/wp\/v2\/pages\/2987\/revisions\/2989"}],"wp:attachment":[{"href":"https:\/\/www.kovinarstvo-rozic.si\/en\/wp-json\/wp\/v2\/media?parent=2987"}],"curies":[{"name":"wp","href":"https:\/\/api.w.org\/{rel}","templated":true}]}}