{"id":2988,"date":"2026-02-04T12:10:46","date_gmt":"2026-02-04T12:10:46","guid":{"rendered":"https:\/\/www.kovinarstvo-rozic.si\/honanje\/"},"modified":"2026-02-04T12:51:13","modified_gmt":"2026-02-04T12:51:13","slug":"honen","status":"publish","type":"page","link":"https:\/\/www.kovinarstvo-rozic.si\/de\/honen\/","title":{"rendered":"Honen"},"content":{"rendered":"<p><div class=\"fusion-fullwidth fullwidth-box fusion-builder-row-1 fusion-parallax-none nonhundred-percent-fullwidth non-hundred-percent-height-scrolling\" style=\"--awb-border-radius-top-left:0px;--awb-border-radius-top-right:0px;--awb-border-radius-bottom-right:0px;--awb-border-radius-bottom-left:0px;--awb-padding-top:45px;--awb-background-color:#eeeeee;--awb-background-image:url(&quot;https:\/\/www.kovinarstvo-rozic.si\/wp-content\/uploads\/2018\/07\/varjenje2.jpg&quot;);--awb-background-size:cover;--awb-flex-wrap:wrap;\" ><div class=\"fusion-builder-row fusion-row\"><div class=\"fusion-layout-column fusion_builder_column fusion-builder-column-0 fusion_builder_column_1_6 1_6 fusion-one-sixth fusion-column-first fusion-no-small-visibility\" style=\"--awb-bg-size:cover;width:16.666666666667%;width:calc(16.666666666667% - ( ( 4% + 4% ) * 0.16666666666667 ) );margin-right: 4%;\"><div class=\"fusion-column-wrapper fusion-flex-column-wrapper-legacy\"><div class=\"fusion-clearfix\"><\/div><\/div><\/div><div class=\"fusion-layout-column fusion_builder_column fusion-builder-column-1 fusion_builder_column_2_3 2_3 fusion-two-third fusion-animated\" style=\"--awb-bg-size:cover;--awb-margin-top:85px;--awb-margin-bottom:60px;width:66.666666666667%;width:calc(66.666666666667% - ( ( 4% + 4% ) * 0.66666666666667 ) );margin-right: 4%;\" data-animationType=\"zoomIn\" data-animationDuration=\"0.9\" data-animationOffset=\"top-into-view\"><div class=\"fusion-column-wrapper fusion-flex-column-wrapper-legacy\"><div class=\"fusion-title title fusion-title-1 fusion-sep-none fusion-title-center fusion-title-text fusion-title-size-one\" style=\"--awb-margin-top-small:0px;--awb-margin-right-small:0px;--awb-margin-bottom-small:20px;--awb-margin-left-small:0px;\"><h1 class=\"fusion-title-heading title-heading-center fusion-responsive-typography-calculated\" style=\"margin:0;--fontSize:68;line-height:1.05;\"><h2><span style=\"color: #333645;\">HONEN<br \/>\n<\/span><\/h2><\/h1><\/div><div class=\"fusion-clearfix\"><\/div><\/div><\/div><div class=\"fusion-layout-column fusion_builder_column fusion-builder-column-2 fusion_builder_column_1_6 1_6 fusion-one-sixth fusion-column-last fusion-no-small-visibility\" style=\"--awb-bg-size:cover;width:16.666666666667%;width:calc(16.666666666667% - ( ( 4% + 4% ) * 0.16666666666667 ) );\"><div class=\"fusion-column-wrapper fusion-flex-column-wrapper-legacy\"><div class=\"fusion-clearfix\"><\/div><\/div><\/div><div class=\"fusion-layout-column fusion_builder_column fusion-builder-column-3 fusion_builder_column_1_1 1_1 fusion-one-full fusion-column-first fusion-column-last\" style=\"--awb-bg-size:cover;--awb-margin-top:0px;--awb-margin-bottom:0px;\"><div class=\"fusion-column-wrapper fusion-flex-column-wrapper-legacy\"><div class=\"fusion-column-content-centered\"><div class=\"fusion-column-content\"><div class=\"fusion-text fusion-text-1\" style=\"--awb-text-color:#666666;\"><p style=\"text-align: center;\">Bei <strong data-start=\"1202\" data-end=\"1230\">Kovinarstvo Ro\u017ei\u010d d.o.o.<\/strong> investieren wir kontinuierlich in die Weiterentwicklung unserer Technologien und in den Ausbau unseres Dienstleistungsangebots.<br data-start=\"1358\" data-end=\"1361\" \/>Mit Freude geben wir bekannt, dass sich eine neue Honmaschine <strong data-start=\"1423\" data-end=\"1443\">Sunnen HTC 4300W<\/strong> in der Anlieferung befindet, die unsere Bearbeitungsm\u00f6glichkeiten zus\u00e4tzlich erweitern wird.<\/p>\n<\/div><div class=\"fusion-image-element fusion-image-align-center in-legacy-container\" style=\"text-align:center;--awb-caption-title-font-family:var(--h2_typography-font-family);--awb-caption-title-font-weight:var(--h2_typography-font-weight);--awb-caption-title-font-style:var(--h2_typography-font-style);--awb-caption-title-size:var(--h2_typography-font-size);--awb-caption-title-transform:var(--h2_typography-text-transform);--awb-caption-title-line-height:var(--h2_typography-line-height);--awb-caption-title-letter-spacing:var(--h2_typography-letter-spacing);\"><div class=\"imageframe-align-center\"><span class=\" fusion-imageframe imageframe-none imageframe-1 hover-type-none fusion-animated\" data-animationType=\"flipinx\" data-animationDuration=\"1.5\" data-animationDelay=\"0.2\" data-animationOffset=\"top-into-view\"><img decoding=\"async\" width=\"235\" height=\"100\" title=\"sunnen_logo_tagline\" src=\"https:\/\/www.kovinarstvo-rozic.si\/wp-content\/uploads\/2026\/02\/sunnen_logo_tagline.avif\" alt class=\"img-responsive wp-image-2934\" srcset=\"https:\/\/www.kovinarstvo-rozic.si\/wp-content\/uploads\/2026\/02\/sunnen_logo_tagline-200x85.avif 200w, https:\/\/www.kovinarstvo-rozic.si\/wp-content\/uploads\/2026\/02\/sunnen_logo_tagline.avif 235w\" sizes=\"(max-width: 1000px) 100vw, 235px\" \/><\/span><\/div><\/div><\/div><\/div><div class=\"fusion-clearfix\"><\/div><\/div><\/div><\/div><\/div><div class=\"fusion-fullwidth fullwidth-box fusion-builder-row-2 nonhundred-percent-fullwidth non-hundred-percent-height-scrolling\" style=\"--awb-border-radius-top-left:0px;--awb-border-radius-top-right:0px;--awb-border-radius-bottom-right:0px;--awb-border-radius-bottom-left:0px;--awb-padding-top:5px;--awb-padding-bottom:70px;--awb-background-color:#292b37;--awb-flex-wrap:wrap;\" ><div class=\"fusion-builder-row fusion-row\"><div class=\"fusion-layout-column fusion_builder_column fusion-builder-column-4 fusion_builder_column_1_1 1_1 fusion-one-full fusion-column-first fusion-column-last\" style=\"--awb-bg-size:cover;--awb-margin-top:10px;--awb-margin-bottom:45px;\"><div class=\"fusion-column-wrapper fusion-flex-column-wrapper-legacy\"><div class=\"fusion-text fusion-text-2 fusion-animated\" data-animationType=\"slideInRight\" data-animationDuration=\"3.0\" data-animationOffset=\"top-into-view\"><h2 style=\"text-align: center;\"><span style=\"color: #ffffff;\">\u00a0Was ist Honen?<\/span><\/h2>\n<p data-start=\"1566\" data-end=\"1646\"><span style=\"color: #ffffff;\">Honen ist ein Feinbearbeitungsverfahren, mit dem folgende Ziele erreicht werden:<\/span><\/p>\n<ul>\n<li data-start=\"1650\" data-end=\"1672\"><span style=\"color: #ffffff;\">hohe Ma\u00dfgenauigkeit,<\/span><\/li>\n<li data-start=\"1675\" data-end=\"1705\"><span style=\"color: #ffffff;\">optimale Oberfl\u00e4chenrauheit,<\/span><\/li>\n<li data-start=\"1708\" data-end=\"1735\"><span style=\"color: #ffffff;\">verbesserte Dichtwirkung,<\/span><\/li>\n<li data-start=\"1738\" data-end=\"1773\"><span style=\"color: #ffffff;\">l\u00e4ngere Lebensdauer der Werkst\u00fccke.<\/span><\/li>\n<\/ul>\n<p data-start=\"1775\" data-end=\"1962\"><span style=\"color: #ffffff;\">Das Verfahren ist besonders wichtig bei <strong data-start=\"1815\" data-end=\"1837\">Hydraulikzylindern<\/strong>, da eine korrekte Oberfl\u00e4chenstruktur einen zuverl\u00e4ssigen Betrieb gew\u00e4hrleistet und den Verschlei\u00df der Dichtungen reduziert.<\/span><\/p>\n<\/div><div class=\"fusion-image-element fusion-image-align-center in-legacy-container\" style=\"text-align:center;--awb-caption-title-font-family:var(--h2_typography-font-family);--awb-caption-title-font-weight:var(--h2_typography-font-weight);--awb-caption-title-font-style:var(--h2_typography-font-style);--awb-caption-title-size:var(--h2_typography-font-size);--awb-caption-title-transform:var(--h2_typography-text-transform);--awb-caption-title-line-height:var(--h2_typography-line-height);--awb-caption-title-letter-spacing:var(--h2_typography-letter-spacing);\"><div class=\"imageframe-align-center\"><span class=\" fusion-imageframe imageframe-none imageframe-2 hover-type-zoomin\"><img decoding=\"async\" width=\"1536\" height=\"1024\" title=\"honanje stroj brez ozadja\" src=\"https:\/\/www.kovinarstvo-rozic.si\/wp-content\/uploads\/2026\/02\/honanje-stroj-brez-ozadja-e1770207112245.png\" alt class=\"img-responsive wp-image-2976\"\/><\/span><\/div><\/div><div class=\"fusion-text fusion-text-3 fusion-animated\" data-animationType=\"slideInRight\" data-animationDuration=\"3.0\" data-animationOffset=\"top-into-view\"><h3 style=\"text-align: center;\" data-start=\"1969\" data-end=\"2007\"><span style=\"color: #ffffff;\"><strong data-start=\"1973\" data-end=\"2007\">Sunnen HTC 4300W \u2013 Honmaschine<\/strong><\/span><\/h3>\n<p style=\"text-align: center;\" data-start=\"2010\" data-end=\"2040\"><span style=\"color: #ffffff;\">Honl\u00e4ngen bis zu <strong data-start=\"2027\" data-end=\"2038\">4000 mm<\/strong><\/span><\/p>\n<p style=\"text-align: center;\" data-start=\"2010\" data-end=\"2040\"><span style=\"color: #ffffff;\">Durchmesser von <strong data-start=\"2059\" data-end=\"2078\">\u00d850 bis \u00d8450 mm<\/strong><\/span><\/p>\n<p style=\"text-align: center;\" data-start=\"2010\" data-end=\"2040\"><span style=\"color: #ffffff;\">geeignet f\u00fcr hochpr\u00e4zise Bearbeitung zylindrischer Oberfl\u00e4chen<\/span><\/p>\n<\/div><div class=\"fusion-clearfix\"><\/div><\/div><\/div><div class=\"fusion-layout-column fusion_builder_column fusion-builder-column-5 fusion_builder_column_1_1 1_1 fusion-one-full fusion-column-first fusion-column-last\" style=\"--awb-bg-size:cover;\"><div class=\"fusion-column-wrapper fusion-column-has-shadow fusion-flex-column-wrapper-legacy\"><div class=\"fusion-clearfix\"><\/div><\/div><\/div><div class=\"fusion-layout-column fusion_builder_column fusion-builder-column-6 fusion_builder_column_1_1 1_1 fusion-one-full fusion-column-first fusion-column-last\" style=\"--awb-bg-size:cover;\"><div class=\"fusion-column-wrapper fusion-column-has-shadow fusion-flex-column-wrapper-legacy\"><div class=\"fusion-clearfix\"><\/div><\/div><\/div><\/div><\/div><div class=\"fusion-fullwidth fullwidth-box fusion-builder-row-3 hundred-percent-fullwidth non-hundred-percent-height-scrolling\" style=\"--awb-border-radius-top-left:0px;--awb-border-radius-top-right:0px;--awb-border-radius-bottom-right:0px;--awb-border-radius-bottom-left:0px;--awb-padding-top:0px;--awb-padding-right:0px;--awb-padding-bottom:0px;--awb-padding-left:0px;--awb-background-color:#e0e0e0;--awb-flex-wrap:wrap;\" ><\/div>\n<div class=\"fusion-fullwidth fullwidth-box fusion-builder-row-4 nonhundred-percent-fullwidth non-hundred-percent-height-scrolling fusion-equal-height-columns\" style=\"--awb-border-radius-top-left:0px;--awb-border-radius-top-right:0px;--awb-border-radius-bottom-right:0px;--awb-border-radius-bottom-left:0px;--awb-padding-top:20px;--awb-padding-bottom:25px;--awb-background-color:#f47418;--awb-flex-wrap:wrap;\" ><div class=\"fusion-builder-row fusion-row\"><div class=\"fusion-layout-column fusion_builder_column fusion-builder-column-7 fusion_builder_column_3_4 3_4 fusion-three-fourth fusion-column-first fusion-animated\" style=\"--awb-bg-size:cover;width:75%;width:calc(75% - ( ( 4% ) * 0.75 ) );margin-right: 4%;\" data-animationType=\"slideInLeft\" data-animationDuration=\"0.9\" data-animationOffset=\"top-into-view\"><div class=\"fusion-column-wrapper fusion-flex-column-wrapper-legacy\"><div class=\"fusion-column-content-centered\"><div class=\"fusion-column-content\"><div class=\"fusion-text fusion-text-4\"><h3 style=\"text-align: center;\">Lassen Sie uns wissen, ob wir Ihnen helfen k\u00f6nnen!<\/h3>\n<\/div><\/div><\/div><div class=\"fusion-clearfix\"><\/div><\/div><\/div><div class=\"fusion-layout-column fusion_builder_column fusion-builder-column-8 fusion_builder_column_1_4 1_4 fusion-one-fourth fusion-column-last fusion-animated\" style=\"--awb-bg-size:cover;width:25%;width:calc(25% - ( ( 4% ) * 0.25 ) );\" data-animationType=\"zoomIn\" data-animationDuration=\"1.0\" data-animationOffset=\"top-into-view\"><div class=\"fusion-column-wrapper fusion-flex-column-wrapper-legacy\"><div class=\"fusion-column-content-centered\"><div class=\"fusion-column-content\"><div class=\"fusion-button-wrapper fusion-align-block\"><a class=\"fusion-button button-flat button-xlarge button-custom fusion-button-default button-1 fusion-button-default-span fusion-button-default-type\" style=\"--button_accent_color:#ffffff;--button_accent_hover_color:#333645;--button_border_hover_color:#333645;--button_gradient_top_color:#333645;--button_gradient_bottom_color:#333645;--button_gradient_top_color_hover:#ffffff;--button_gradient_bottom_color_hover:#ffffff;\" target=\"_self\" href=\"\/de\/kontakt\/\"><span class=\"fusion-button-text awb-button__text awb-button__text--default\">ANFRAGE SCHICKEN<\/span><\/a><\/div><\/div><\/div><div class=\"fusion-clearfix\"><\/div><\/div><\/div><\/div><\/div>\n<\/p>\n","protected":false},"excerpt":{"rendered":"","protected":false},"author":3,"featured_media":0,"parent":0,"menu_order":0,"comment_status":"closed","ping_status":"closed","template":"100-width.php","meta":{"_monsterinsights_skip_tracking":false,"_monsterinsights_sitenote_active":false,"_monsterinsights_sitenote_note":"","_monsterinsights_sitenote_category":0,"footnotes":""},"class_list":["post-2988","page","type-page","status-publish","hentry"],"yoast_head":"<!-- This site is optimized with the Yoast SEO plugin v27.4 - https:\/\/yoast.com\/product\/yoast-seo-wordpress\/ -->\n<title>Honen - Kovinarstvo Ro\u017ei\u010d d.o.o.<\/title>\n<meta name=\"robots\" content=\"index, follow, max-snippet:-1, max-image-preview:large, max-video-preview:-1\" \/>\n<link rel=\"canonical\" href=\"https:\/\/www.kovinarstvo-rozic.si\/de\/honen\/\" \/>\n<meta property=\"og:locale\" content=\"de_DE\" \/>\n<meta property=\"og:type\" content=\"article\" \/>\n<meta property=\"og:title\" content=\"Honen - Kovinarstvo Ro\u017ei\u010d d.o.o.\" \/>\n<meta property=\"og:url\" content=\"https:\/\/www.kovinarstvo-rozic.si\/de\/honen\/\" \/>\n<meta property=\"og:site_name\" content=\"Kovinarstvo Ro\u017ei\u010d d.o.o.\" \/>\n<meta property=\"article:modified_time\" content=\"2026-02-04T12:51:13+00:00\" \/>\n<meta name=\"twitter:card\" content=\"summary_large_image\" \/>\n<meta name=\"twitter:label1\" content=\"Gesch\u00e4tzte Lesezeit\" \/>\n\t<meta name=\"twitter:data1\" content=\"2\u00a0Minuten\" \/>\n<script type=\"application\/ld+json\" class=\"yoast-schema-graph\">{\"@context\":\"https:\\\/\\\/schema.org\",\"@graph\":[{\"@type\":\"WebPage\",\"@id\":\"https:\\\/\\\/www.kovinarstvo-rozic.si\\\/de\\\/honen\\\/\",\"url\":\"https:\\\/\\\/www.kovinarstvo-rozic.si\\\/de\\\/honen\\\/\",\"name\":\"Honen - Kovinarstvo Ro\u017ei\u010d d.o.o.\",\"isPartOf\":{\"@id\":\"https:\\\/\\\/www.kovinarstvo-rozic.si\\\/#website\"},\"datePublished\":\"2026-02-04T12:10:46+00:00\",\"dateModified\":\"2026-02-04T12:51:13+00:00\",\"breadcrumb\":{\"@id\":\"https:\\\/\\\/www.kovinarstvo-rozic.si\\\/de\\\/honen\\\/#breadcrumb\"},\"inLanguage\":\"de\",\"potentialAction\":[{\"@type\":\"ReadAction\",\"target\":[\"https:\\\/\\\/www.kovinarstvo-rozic.si\\\/de\\\/honen\\\/\"]}]},{\"@type\":\"BreadcrumbList\",\"@id\":\"https:\\\/\\\/www.kovinarstvo-rozic.si\\\/de\\\/honen\\\/#breadcrumb\",\"itemListElement\":[{\"@type\":\"ListItem\",\"position\":1,\"name\":\"Home\",\"item\":\"https:\\\/\\\/www.kovinarstvo-rozic.si\\\/de\\\/\"},{\"@type\":\"ListItem\",\"position\":2,\"name\":\"Honen\"}]},{\"@type\":\"WebSite\",\"@id\":\"https:\\\/\\\/www.kovinarstvo-rozic.si\\\/#website\",\"url\":\"https:\\\/\\\/www.kovinarstvo-rozic.si\\\/\",\"name\":\"Kovinarstvo Ro\u017ei\u010d d.o.o.\",\"description\":\"Kovinarstvo Ro\u017ei\u010d\",\"potentialAction\":[{\"@type\":\"SearchAction\",\"target\":{\"@type\":\"EntryPoint\",\"urlTemplate\":\"https:\\\/\\\/www.kovinarstvo-rozic.si\\\/?s={search_term_string}\"},\"query-input\":{\"@type\":\"PropertyValueSpecification\",\"valueRequired\":true,\"valueName\":\"search_term_string\"}}],\"inLanguage\":\"de\"}]}<\/script>\n<!-- \/ Yoast SEO plugin. -->","yoast_head_json":{"title":"Honen - Kovinarstvo Ro\u017ei\u010d d.o.o.","robots":{"index":"index","follow":"follow","max-snippet":"max-snippet:-1","max-image-preview":"max-image-preview:large","max-video-preview":"max-video-preview:-1"},"canonical":"https:\/\/www.kovinarstvo-rozic.si\/de\/honen\/","og_locale":"de_DE","og_type":"article","og_title":"Honen - Kovinarstvo Ro\u017ei\u010d d.o.o.","og_url":"https:\/\/www.kovinarstvo-rozic.si\/de\/honen\/","og_site_name":"Kovinarstvo Ro\u017ei\u010d d.o.o.","article_modified_time":"2026-02-04T12:51:13+00:00","twitter_card":"summary_large_image","twitter_misc":{"Gesch\u00e4tzte Lesezeit":"2\u00a0Minuten"},"schema":{"@context":"https:\/\/schema.org","@graph":[{"@type":"WebPage","@id":"https:\/\/www.kovinarstvo-rozic.si\/de\/honen\/","url":"https:\/\/www.kovinarstvo-rozic.si\/de\/honen\/","name":"Honen - Kovinarstvo Ro\u017ei\u010d d.o.o.","isPartOf":{"@id":"https:\/\/www.kovinarstvo-rozic.si\/#website"},"datePublished":"2026-02-04T12:10:46+00:00","dateModified":"2026-02-04T12:51:13+00:00","breadcrumb":{"@id":"https:\/\/www.kovinarstvo-rozic.si\/de\/honen\/#breadcrumb"},"inLanguage":"de","potentialAction":[{"@type":"ReadAction","target":["https:\/\/www.kovinarstvo-rozic.si\/de\/honen\/"]}]},{"@type":"BreadcrumbList","@id":"https:\/\/www.kovinarstvo-rozic.si\/de\/honen\/#breadcrumb","itemListElement":[{"@type":"ListItem","position":1,"name":"Home","item":"https:\/\/www.kovinarstvo-rozic.si\/de\/"},{"@type":"ListItem","position":2,"name":"Honen"}]},{"@type":"WebSite","@id":"https:\/\/www.kovinarstvo-rozic.si\/#website","url":"https:\/\/www.kovinarstvo-rozic.si\/","name":"Kovinarstvo Ro\u017ei\u010d d.o.o.","description":"Kovinarstvo Ro\u017ei\u010d","potentialAction":[{"@type":"SearchAction","target":{"@type":"EntryPoint","urlTemplate":"https:\/\/www.kovinarstvo-rozic.si\/?s={search_term_string}"},"query-input":{"@type":"PropertyValueSpecification","valueRequired":true,"valueName":"search_term_string"}}],"inLanguage":"de"}]}},"_links":{"self":[{"href":"https:\/\/www.kovinarstvo-rozic.si\/de\/wp-json\/wp\/v2\/pages\/2988","targetHints":{"allow":["GET"]}}],"collection":[{"href":"https:\/\/www.kovinarstvo-rozic.si\/de\/wp-json\/wp\/v2\/pages"}],"about":[{"href":"https:\/\/www.kovinarstvo-rozic.si\/de\/wp-json\/wp\/v2\/types\/page"}],"author":[{"embeddable":true,"href":"https:\/\/www.kovinarstvo-rozic.si\/de\/wp-json\/wp\/v2\/users\/3"}],"replies":[{"embeddable":true,"href":"https:\/\/www.kovinarstvo-rozic.si\/de\/wp-json\/wp\/v2\/comments?post=2988"}],"version-history":[{"count":2,"href":"https:\/\/www.kovinarstvo-rozic.si\/de\/wp-json\/wp\/v2\/pages\/2988\/revisions"}],"predecessor-version":[{"id":3024,"href":"https:\/\/www.kovinarstvo-rozic.si\/de\/wp-json\/wp\/v2\/pages\/2988\/revisions\/3024"}],"wp:attachment":[{"href":"https:\/\/www.kovinarstvo-rozic.si\/de\/wp-json\/wp\/v2\/media?parent=2988"}],"curies":[{"name":"wp","href":"https:\/\/api.w.org\/{rel}","templated":true}]}}