{"id":2473,"date":"2020-02-19T10:08:20","date_gmt":"2020-02-19T10:08:20","guid":{"rendered":"https:\/\/www.kovinarstvo-rozic.si\/tiefbohren\/"},"modified":"2025-09-10T12:00:25","modified_gmt":"2025-09-10T12:00:25","slug":"tiefbohren","status":"publish","type":"page","link":"https:\/\/www.kovinarstvo-rozic.si\/de\/tiefbohren\/","title":{"rendered":"TIEFBOHREN"},"content":{"rendered":"<p><div class=\"fusion-fullwidth fullwidth-box fusion-builder-row-1 fusion-parallax-none nonhundred-percent-fullwidth non-hundred-percent-height-scrolling\" style=\"--awb-border-radius-top-left:0px;--awb-border-radius-top-right:0px;--awb-border-radius-bottom-right:0px;--awb-border-radius-bottom-left:0px;--awb-padding-top:45px;--awb-background-color:#eeeeee;--awb-background-image:url(&quot;https:\/\/www.kovinarstvo-rozic.si\/wp-content\/uploads\/2018\/07\/varjenje2.jpg&quot;);--awb-background-size:cover;--awb-flex-wrap:wrap;\" ><div class=\"fusion-builder-row fusion-row\"><div class=\"fusion-layout-column fusion_builder_column fusion-builder-column-0 fusion_builder_column_1_6 1_6 fusion-one-sixth fusion-column-first fusion-no-small-visibility\" style=\"--awb-bg-size:cover;width:16.666666666667%;width:calc(16.666666666667% - ( ( 4% + 4% ) * 0.16666666666667 ) );margin-right: 4%;\"><div class=\"fusion-column-wrapper fusion-flex-column-wrapper-legacy\"><div class=\"fusion-clearfix\"><\/div><\/div><\/div><div class=\"fusion-layout-column fusion_builder_column fusion-builder-column-1 fusion_builder_column_2_3 2_3 fusion-two-third fusion-animated\" style=\"--awb-bg-size:cover;--awb-margin-top:85px;--awb-margin-bottom:60px;width:66.666666666667%;width:calc(66.666666666667% - ( ( 4% + 4% ) * 0.66666666666667 ) );margin-right: 4%;\" data-animationType=\"zoomIn\" data-animationDuration=\"0.9\" data-animationOffset=\"top-into-view\"><div class=\"fusion-column-wrapper fusion-flex-column-wrapper-legacy\"><div class=\"fusion-title title fusion-title-1 fusion-sep-none fusion-title-center fusion-title-text fusion-title-size-one\" style=\"--awb-margin-top-small:0px;--awb-margin-right-small:0px;--awb-margin-bottom-small:20px;--awb-margin-left-small:0px;\"><h1 class=\"fusion-title-heading title-heading-center fusion-responsive-typography-calculated\" style=\"margin:0;--fontSize:68;line-height:1.05;\"><p><span style=\"color: #333645;\">TIEFBOHREN<br \/>\n<\/span><\/p><\/h1><\/div><div class=\"fusion-clearfix\"><\/div><\/div><\/div><div class=\"fusion-layout-column fusion_builder_column fusion-builder-column-2 fusion_builder_column_1_6 1_6 fusion-one-sixth fusion-column-last fusion-no-small-visibility\" style=\"--awb-bg-size:cover;width:16.666666666667%;width:calc(16.666666666667% - ( ( 4% + 4% ) * 0.16666666666667 ) );\"><div class=\"fusion-column-wrapper fusion-flex-column-wrapper-legacy\"><div class=\"fusion-clearfix\"><\/div><\/div><\/div><div class=\"fusion-layout-column fusion_builder_column fusion-builder-column-3 fusion_builder_column_1_1 1_1 fusion-one-full fusion-column-first fusion-column-last\" style=\"--awb-bg-size:cover;--awb-margin-top:0px;--awb-margin-bottom:0px;\"><div class=\"fusion-column-wrapper fusion-flex-column-wrapper-legacy\"><div class=\"fusion-column-content-centered\"><div class=\"fusion-column-content\"><div class=\"fusion-section-separator section-separator big-half-circle fusion-section-separator-1\" style=\"--awb-spacer-height:99px;--awb-svg-margin-left:0;--awb-svg-margin-right:0;--awb-divider-height:99px;--awb-spacer-padding-top:inherit;--awb-sep-padding:0;--awb-svg-padding:0;\"><div class=\"fusion-section-separator-svg\"><svg class=\"fusion-big-half-circle-candy\" xmlns=\"http:\/\/www.w3.org\/2000\/svg\" version=\"1.1\" width=\"100%\" height=\"100\" viewBox=\"0 0 100 100\" preserveAspectRatio=\"none\" fill=\"rgba(41,43,55,1)\"><path d=\"M0 100 C40 0 60 0 100 100 Z\"><\/path><\/svg><\/div><div class=\"fusion-section-separator-spacer\"><div class=\"fusion-section-separator-spacer-height\"><\/div><\/div><\/div><\/div><\/div><div class=\"fusion-clearfix\"><\/div><\/div><\/div><\/div><\/div><div class=\"fusion-fullwidth fullwidth-box fusion-builder-row-2 nonhundred-percent-fullwidth non-hundred-percent-height-scrolling\" style=\"--awb-border-radius-top-left:0px;--awb-border-radius-top-right:0px;--awb-border-radius-bottom-right:0px;--awb-border-radius-bottom-left:0px;--awb-padding-top:5px;--awb-padding-bottom:70px;--awb-background-color:#292b37;--awb-flex-wrap:wrap;\" ><div class=\"fusion-builder-row fusion-row\"><div class=\"fusion-layout-column fusion_builder_column fusion-builder-column-4 fusion_builder_column_1_6 1_6 fusion-one-sixth fusion-column-first fusion-no-small-visibility\" style=\"--awb-bg-size:cover;width:16.666666666667%;width:calc(16.666666666667% - ( ( 4% + 4% ) * 0.16666666666667 ) );margin-right: 4%;\"><div class=\"fusion-column-wrapper fusion-flex-column-wrapper-legacy\"><div class=\"fusion-clearfix\"><\/div><\/div><\/div><div class=\"fusion-layout-column fusion_builder_column fusion-builder-column-5 fusion_builder_column_2_3 2_3 fusion-two-third\" style=\"--awb-bg-size:cover;--awb-margin-top:10px;--awb-margin-bottom:45px;width:66.666666666667%;width:calc(66.666666666667% - ( ( 4% + 4% ) * 0.66666666666667 ) );margin-right: 4%;\"><div class=\"fusion-column-wrapper fusion-flex-column-wrapper-legacy\"><div class=\"fusion-text fusion-text-1\"><p style=\"text-align: center;\"><span style=\"color: #ffffff;\">Auf der zweckm\u00e4\u00dfigen Maschine IXION TL 1000 CNC 3 werden die L\u00f6cher bis zur 1000 mm L\u00e4nge genau gebohrt. <\/span><\/p>\n<p style=\"text-align: center;\"><span style=\"color: #ffffff;\">Die Bohrungsdurchmesser k\u00f6nnen von \u00d8 4 mm bis \u00d8 25 mm betragen.<\/span><\/p>\n<\/div><div class=\"fusion-image-carousel fusion-image-carousel-auto fusion-image-carousel-1\"><div class=\"awb-carousel awb-swiper awb-swiper-carousel awb-carousel--carousel awb-swiper-dots-position-bottom\" data-layout=\"carousel\" data-autoplay=\"yes\" data-autoplayspeed=\"2500\" data-autoplaypause=\"no\" data-loop=\"yes\" data-columns=\"1.0\" data-columnsmedium=\"1\" data-columnssmall=\"1\" data-itemmargin=\"13\" data-itemwidth=\"180\" data-touchscroll=\"drag_wheel\" data-freemode=\"no\" data-imagesize=\"auto\" data-scrollitems=\"0\" data-centeredslides=\"no\" data-rotationangle=\"50\" data-depth=\"100\" data-speed=\"500\" data-shadow=\"no\" data-pagination=\"bullets\" style=\"--awb-columns:1.0;--awb-dots-align:center;\"><div class=\"swiper-wrapper awb-image-carousel-wrapper fusion-flex-align-items-center\"><div class=\"swiper-slide\"><div class=\"fusion-carousel-item-wrapper\"><div class=\"fusion-image-wrapper hover-type-none\"><img decoding=\"async\" width=\"900\" height=\"600\" src=\"https:\/\/www.kovinarstvo-rozic.si\/wp-content\/uploads\/2019\/04\/IXION_03.jpg\" class=\"attachment-full size-full\" alt=\"\" srcset=\"https:\/\/www.kovinarstvo-rozic.si\/wp-content\/uploads\/2019\/04\/IXION_03-200x133.jpg 200w, https:\/\/www.kovinarstvo-rozic.si\/wp-content\/uploads\/2019\/04\/IXION_03-300x200.jpg 300w, https:\/\/www.kovinarstvo-rozic.si\/wp-content\/uploads\/2019\/04\/IXION_03-400x267.jpg 400w, https:\/\/www.kovinarstvo-rozic.si\/wp-content\/uploads\/2019\/04\/IXION_03-600x400.jpg 600w, https:\/\/www.kovinarstvo-rozic.si\/wp-content\/uploads\/2019\/04\/IXION_03-768x512.jpg 768w, https:\/\/www.kovinarstvo-rozic.si\/wp-content\/uploads\/2019\/04\/IXION_03-800x533.jpg 800w, https:\/\/www.kovinarstvo-rozic.si\/wp-content\/uploads\/2019\/04\/IXION_03.jpg 900w\" sizes=\"(max-width: 900px) 100vw, 900px\" \/><\/div><\/div><\/div><div class=\"swiper-slide\"><div class=\"fusion-carousel-item-wrapper\"><div class=\"fusion-image-wrapper hover-type-none\"><img decoding=\"async\" width=\"539\" height=\"417\" src=\"https:\/\/www.kovinarstvo-rozic.si\/wp-content\/uploads\/2019\/04\/IXION_01.jpg\" class=\"attachment-full size-full\" alt=\"\" srcset=\"https:\/\/www.kovinarstvo-rozic.si\/wp-content\/uploads\/2019\/04\/IXION_01-200x155.jpg 200w, https:\/\/www.kovinarstvo-rozic.si\/wp-content\/uploads\/2019\/04\/IXION_01-300x232.jpg 300w, https:\/\/www.kovinarstvo-rozic.si\/wp-content\/uploads\/2019\/04\/IXION_01-400x309.jpg 400w, https:\/\/www.kovinarstvo-rozic.si\/wp-content\/uploads\/2019\/04\/IXION_01.jpg 539w\" sizes=\"(max-width: 539px) 100vw, 539px\" \/><\/div><\/div><\/div><div class=\"swiper-slide\"><div class=\"fusion-carousel-item-wrapper\"><div class=\"fusion-image-wrapper hover-type-none\"><img decoding=\"async\" width=\"450\" height=\"383\" src=\"https:\/\/www.kovinarstvo-rozic.si\/wp-content\/uploads\/2019\/04\/IXION_02-e1554658969245.jpg\" class=\"attachment-full size-full\" alt=\"\" \/><\/div><\/div><\/div><\/div><\/div><\/div><div class=\"fusion-text fusion-text-2\"><p style=\"text-align: center;\"><span style=\"color: #ffffff;\">Die Tragf\u00e4higkeit der Maschine betr\u00e4gt 1500 kg, was bedeutet, dass die Werkst\u00fccke mit den Dimensionen<\/span><\/p>\n<p style=\"text-align: center;\"><span style=\"color: #ffffff;\">\u00d8<sub>max<\/sub>=500 mm und L\u00e4nge l<sub>max<\/sub>=1500 mm bzw. Platten mit den maximalen Dimensionen 1300x1000x800 mm eingespannt werden k\u00f6nnen.<\/span><\/p>\n<\/div><div class=\"fusion-clearfix\"><\/div><\/div><\/div><div class=\"fusion-layout-column fusion_builder_column fusion-builder-column-6 fusion_builder_column_1_6 1_6 fusion-one-sixth fusion-column-last fusion-no-small-visibility\" style=\"--awb-bg-size:cover;width:16.666666666667%;width:calc(16.666666666667% - ( ( 4% + 4% ) * 0.16666666666667 ) );\"><div class=\"fusion-column-wrapper fusion-flex-column-wrapper-legacy\"><div class=\"fusion-clearfix\"><\/div><\/div><\/div><\/div><\/div><div class=\"fusion-fullwidth fullwidth-box fusion-builder-row-3 hundred-percent-fullwidth non-hundred-percent-height-scrolling\" style=\"--awb-border-radius-top-left:0px;--awb-border-radius-top-right:0px;--awb-border-radius-bottom-right:0px;--awb-border-radius-bottom-left:0px;--awb-padding-top:0px;--awb-padding-right:0px;--awb-padding-bottom:0px;--awb-padding-left:0px;--awb-background-color:#e0e0e0;--awb-flex-wrap:wrap;\" ><\/div>\n<div class=\"fusion-fullwidth fullwidth-box fusion-builder-row-4 nonhundred-percent-fullwidth non-hundred-percent-height-scrolling fusion-equal-height-columns\" style=\"--awb-border-radius-top-left:0px;--awb-border-radius-top-right:0px;--awb-border-radius-bottom-right:0px;--awb-border-radius-bottom-left:0px;--awb-padding-top:20px;--awb-padding-bottom:25px;--awb-background-color:#f47418;--awb-flex-wrap:wrap;\" ><div class=\"fusion-builder-row fusion-row\"><div class=\"fusion-layout-column fusion_builder_column fusion-builder-column-7 fusion_builder_column_3_4 3_4 fusion-three-fourth fusion-column-first fusion-animated\" style=\"--awb-bg-size:cover;width:75%;width:calc(75% - ( ( 4% ) * 0.75 ) );margin-right: 4%;\" data-animationType=\"slideInLeft\" data-animationDuration=\"0.9\" data-animationOffset=\"top-into-view\"><div class=\"fusion-column-wrapper fusion-flex-column-wrapper-legacy\"><div class=\"fusion-column-content-centered\"><div class=\"fusion-column-content\"><div class=\"fusion-text fusion-text-3\"><h3 style=\"text-align: center;\">Lassen Sie uns wissen, ob wir Ihnen helfen k\u00f6nnen!<\/h3>\n<\/div><\/div><\/div><div class=\"fusion-clearfix\"><\/div><\/div><\/div><div class=\"fusion-layout-column fusion_builder_column fusion-builder-column-8 fusion_builder_column_1_4 1_4 fusion-one-fourth fusion-column-last fusion-animated\" style=\"--awb-bg-size:cover;width:25%;width:calc(25% - ( ( 4% ) * 0.25 ) );\" data-animationType=\"zoomIn\" data-animationDuration=\"1.0\" data-animationOffset=\"top-into-view\"><div class=\"fusion-column-wrapper fusion-flex-column-wrapper-legacy\"><div class=\"fusion-column-content-centered\"><div class=\"fusion-column-content\"><div class=\"fusion-button-wrapper fusion-align-block\"><a class=\"fusion-button button-flat button-xlarge button-custom fusion-button-default button-1 fusion-button-default-span fusion-button-default-type\" style=\"--button_accent_color:#ffffff;--button_accent_hover_color:#333645;--button_border_hover_color:#333645;--button_gradient_top_color:#333645;--button_gradient_bottom_color:#333645;--button_gradient_top_color_hover:#ffffff;--button_gradient_bottom_color_hover:#ffffff;\" target=\"_self\" href=\"\/de\/kontakt\/\"><span class=\"fusion-button-text awb-button__text awb-button__text--default\">ANFRAGE SCHICKEN<\/span><\/a><\/div><\/div><\/div><div class=\"fusion-clearfix\"><\/div><\/div><\/div><\/div><\/div>\n<\/p>\n","protected":false},"excerpt":{"rendered":"","protected":false},"author":3,"featured_media":0,"parent":0,"menu_order":0,"comment_status":"closed","ping_status":"closed","template":"100-width.php","meta":{"_monsterinsights_skip_tracking":false,"_monsterinsights_sitenote_active":false,"_monsterinsights_sitenote_note":"","_monsterinsights_sitenote_category":0,"footnotes":""},"class_list":["post-2473","page","type-page","status-publish","hentry"],"yoast_head":"<!-- This site is optimized with the Yoast SEO plugin v27.4 - https:\/\/yoast.com\/product\/yoast-seo-wordpress\/ -->\n<title>TIEFBOHREN - Kovinarstvo Ro\u017ei\u010d d.o.o.<\/title>\n<meta name=\"robots\" content=\"index, follow, max-snippet:-1, max-image-preview:large, max-video-preview:-1\" \/>\n<link rel=\"canonical\" href=\"https:\/\/www.kovinarstvo-rozic.si\/de\/tiefbohren\/\" \/>\n<meta property=\"og:locale\" content=\"de_DE\" \/>\n<meta property=\"og:type\" content=\"article\" \/>\n<meta property=\"og:title\" content=\"TIEFBOHREN - Kovinarstvo Ro\u017ei\u010d d.o.o.\" \/>\n<meta property=\"og:url\" content=\"https:\/\/www.kovinarstvo-rozic.si\/de\/tiefbohren\/\" \/>\n<meta property=\"og:site_name\" content=\"Kovinarstvo Ro\u017ei\u010d d.o.o.\" \/>\n<meta property=\"article:modified_time\" content=\"2025-09-10T12:00:25+00:00\" \/>\n<meta name=\"twitter:card\" content=\"summary_large_image\" \/>\n<meta name=\"twitter:label1\" content=\"Gesch\u00e4tzte Lesezeit\" \/>\n\t<meta name=\"twitter:data1\" content=\"2\u00a0Minuten\" \/>\n<script type=\"application\/ld+json\" class=\"yoast-schema-graph\">{\"@context\":\"https:\\\/\\\/schema.org\",\"@graph\":[{\"@type\":\"WebPage\",\"@id\":\"https:\\\/\\\/www.kovinarstvo-rozic.si\\\/de\\\/tiefbohren\\\/\",\"url\":\"https:\\\/\\\/www.kovinarstvo-rozic.si\\\/de\\\/tiefbohren\\\/\",\"name\":\"TIEFBOHREN - Kovinarstvo Ro\u017ei\u010d d.o.o.\",\"isPartOf\":{\"@id\":\"https:\\\/\\\/www.kovinarstvo-rozic.si\\\/#website\"},\"datePublished\":\"2020-02-19T10:08:20+00:00\",\"dateModified\":\"2025-09-10T12:00:25+00:00\",\"breadcrumb\":{\"@id\":\"https:\\\/\\\/www.kovinarstvo-rozic.si\\\/de\\\/tiefbohren\\\/#breadcrumb\"},\"inLanguage\":\"de\",\"potentialAction\":[{\"@type\":\"ReadAction\",\"target\":[\"https:\\\/\\\/www.kovinarstvo-rozic.si\\\/de\\\/tiefbohren\\\/\"]}]},{\"@type\":\"BreadcrumbList\",\"@id\":\"https:\\\/\\\/www.kovinarstvo-rozic.si\\\/de\\\/tiefbohren\\\/#breadcrumb\",\"itemListElement\":[{\"@type\":\"ListItem\",\"position\":1,\"name\":\"Home\",\"item\":\"https:\\\/\\\/www.kovinarstvo-rozic.si\\\/de\\\/\"},{\"@type\":\"ListItem\",\"position\":2,\"name\":\"TIEFBOHREN\"}]},{\"@type\":\"WebSite\",\"@id\":\"https:\\\/\\\/www.kovinarstvo-rozic.si\\\/#website\",\"url\":\"https:\\\/\\\/www.kovinarstvo-rozic.si\\\/\",\"name\":\"Kovinarstvo Ro\u017ei\u010d d.o.o.\",\"description\":\"Kovinarstvo Ro\u017ei\u010d\",\"potentialAction\":[{\"@type\":\"SearchAction\",\"target\":{\"@type\":\"EntryPoint\",\"urlTemplate\":\"https:\\\/\\\/www.kovinarstvo-rozic.si\\\/?s={search_term_string}\"},\"query-input\":{\"@type\":\"PropertyValueSpecification\",\"valueRequired\":true,\"valueName\":\"search_term_string\"}}],\"inLanguage\":\"de\"}]}<\/script>\n<!-- \/ Yoast SEO plugin. -->","yoast_head_json":{"title":"TIEFBOHREN - Kovinarstvo Ro\u017ei\u010d d.o.o.","robots":{"index":"index","follow":"follow","max-snippet":"max-snippet:-1","max-image-preview":"max-image-preview:large","max-video-preview":"max-video-preview:-1"},"canonical":"https:\/\/www.kovinarstvo-rozic.si\/de\/tiefbohren\/","og_locale":"de_DE","og_type":"article","og_title":"TIEFBOHREN - Kovinarstvo Ro\u017ei\u010d d.o.o.","og_url":"https:\/\/www.kovinarstvo-rozic.si\/de\/tiefbohren\/","og_site_name":"Kovinarstvo Ro\u017ei\u010d d.o.o.","article_modified_time":"2025-09-10T12:00:25+00:00","twitter_card":"summary_large_image","twitter_misc":{"Gesch\u00e4tzte Lesezeit":"2\u00a0Minuten"},"schema":{"@context":"https:\/\/schema.org","@graph":[{"@type":"WebPage","@id":"https:\/\/www.kovinarstvo-rozic.si\/de\/tiefbohren\/","url":"https:\/\/www.kovinarstvo-rozic.si\/de\/tiefbohren\/","name":"TIEFBOHREN - Kovinarstvo Ro\u017ei\u010d d.o.o.","isPartOf":{"@id":"https:\/\/www.kovinarstvo-rozic.si\/#website"},"datePublished":"2020-02-19T10:08:20+00:00","dateModified":"2025-09-10T12:00:25+00:00","breadcrumb":{"@id":"https:\/\/www.kovinarstvo-rozic.si\/de\/tiefbohren\/#breadcrumb"},"inLanguage":"de","potentialAction":[{"@type":"ReadAction","target":["https:\/\/www.kovinarstvo-rozic.si\/de\/tiefbohren\/"]}]},{"@type":"BreadcrumbList","@id":"https:\/\/www.kovinarstvo-rozic.si\/de\/tiefbohren\/#breadcrumb","itemListElement":[{"@type":"ListItem","position":1,"name":"Home","item":"https:\/\/www.kovinarstvo-rozic.si\/de\/"},{"@type":"ListItem","position":2,"name":"TIEFBOHREN"}]},{"@type":"WebSite","@id":"https:\/\/www.kovinarstvo-rozic.si\/#website","url":"https:\/\/www.kovinarstvo-rozic.si\/","name":"Kovinarstvo Ro\u017ei\u010d d.o.o.","description":"Kovinarstvo Ro\u017ei\u010d","potentialAction":[{"@type":"SearchAction","target":{"@type":"EntryPoint","urlTemplate":"https:\/\/www.kovinarstvo-rozic.si\/?s={search_term_string}"},"query-input":{"@type":"PropertyValueSpecification","valueRequired":true,"valueName":"search_term_string"}}],"inLanguage":"de"}]}},"_links":{"self":[{"href":"https:\/\/www.kovinarstvo-rozic.si\/de\/wp-json\/wp\/v2\/pages\/2473","targetHints":{"allow":["GET"]}}],"collection":[{"href":"https:\/\/www.kovinarstvo-rozic.si\/de\/wp-json\/wp\/v2\/pages"}],"about":[{"href":"https:\/\/www.kovinarstvo-rozic.si\/de\/wp-json\/wp\/v2\/types\/page"}],"author":[{"embeddable":true,"href":"https:\/\/www.kovinarstvo-rozic.si\/de\/wp-json\/wp\/v2\/users\/3"}],"replies":[{"embeddable":true,"href":"https:\/\/www.kovinarstvo-rozic.si\/de\/wp-json\/wp\/v2\/comments?post=2473"}],"version-history":[{"count":4,"href":"https:\/\/www.kovinarstvo-rozic.si\/de\/wp-json\/wp\/v2\/pages\/2473\/revisions"}],"predecessor-version":[{"id":2843,"href":"https:\/\/www.kovinarstvo-rozic.si\/de\/wp-json\/wp\/v2\/pages\/2473\/revisions\/2843"}],"wp:attachment":[{"href":"https:\/\/www.kovinarstvo-rozic.si\/de\/wp-json\/wp\/v2\/media?parent=2473"}],"curies":[{"name":"wp","href":"https:\/\/api.w.org\/{rel}","templated":true}]}}